{"id":2682,"date":"2025-09-12T10:36:11","date_gmt":"2025-09-12T10:36:11","guid":{"rendered":"https:\/\/consultoriaehero.com\/?post_type=product&#038;p=2682"},"modified":"2026-04-16T10:39:44","modified_gmt":"2026-04-16T10:39:44","slug":"holded-woocommerce-facturas","status":"publish","type":"product","link":"https:\/\/consultoriaehero.com\/en\/product\/holded-woocommerce-facturas\/","title":{"rendered":"EHERO Holded WooCommerce \u2013 Automatic Invoice Integration"},"content":{"rendered":"<section id=\"markdown-section-7dc30396-8cbd-45cc-a71a-27e4e9dd2273-6\" class=\"markdown-section\" data-markdown-raw=\" # \ud83d\ude80 **Plugin Holded WooCommerce - Automatiza tu Facturaci\u00f3n**\" data-section-index=\"6\">\n<h1 style=\"text-align: center;\"><span style=\"font-size: 18pt;\">\ud83d\ude80\u00a0<span class=\"markdown-bold-text\">Holded WooCommerce Plugin \u2013 Automate Your Billing<\/span><\/span><\/h1>\n<\/section>\n<section id=\"markdown-section-7dc30396-8cbd-45cc-a71a-27e4e9dd2273-7\" class=\"markdown-section\" data-markdown-raw=\" ## \u2705 **\u00bfQu\u00e9 incluye este plugin?**\" data-section-index=\"7\">\n<h2><span style=\"font-size: 14pt;\">\u2705\u00a0<span class=\"markdown-bold-text\">What does this plugin include?<\/span><\/span><\/h2>\n<\/section>\n<section id=\"markdown-section-7dc30396-8cbd-45cc-a71a-27e4e9dd2273-8\" class=\"markdown-section\" data-markdown-raw=\" ### **\ud83d\udd17 Integraci\u00f3n Completa Holded-WooCommerce** - **Sincronizaci\u00f3n autom\u00e1tica** de facturas desde Holded a tu tienda online - **Portal del cliente** integrado en WooCommerce para consultar documentos - **Descarga directa de PDFs** de facturas y notas de cr\u00e9dito - **Filtrado por a\u00f1os** para facilitar la b\u00fasqueda de documentos\" data-section-index=\"8\">\n<h3><span class=\"markdown-bold-text\" style=\"font-size: 12pt;\">\ud83d\udd17 Complete Holded WooCommerce Integration<\/span><\/h3>\n<ul>\n<li data-indent=\"0\" class=\"translation-block\"><span class=\"markdown-bold-text\">Automatic invoice synchronization from Holded to your online store<\/li>\n<li data-indent=\"0\" class=\"translation-block\"><span class=\"markdown-bold-text\">Client portal integrated into WooCommerce to consult documents<\/li>\n<li data-indent=\"0\" class=\"translation-block\"><span class=\"markdown-bold-text\">Direct download of invoice and credit note PDFs<\/li>\n<li data-indent=\"0\" class=\"translation-block\"><span class=\"markdown-bold-text\">Year-based filtering to facilitate document search<\/li>\n<\/ul>\n<\/section>\n<section id=\"markdown-section-7dc30396-8cbd-45cc-a71a-27e4e9dd2273-9\" class=\"markdown-section\" data-markdown-raw=\" ### **\ud83d\udcca Funcionalidades Profesionales** - \u2705 **Listado de facturas** del cliente actual - \u2705 **Gesti\u00f3n de notas de cr\u00e9dito** (facturas rectificativas) - \u2705 **Estados en tiempo real**: Pagado, Pendiente, Borrador - \u2705 **Interfaz responsive** adaptada a m\u00f3viles y tablets - \u2705 **Sistema de pesta\u00f1as** para organizar documentos\" data-section-index=\"9\">\n<h3><span class=\"markdown-bold-text\" style=\"font-size: 12pt;\">\ud83d\udcca Professional Features<\/span><\/h3>\n<ul>\n<li data-indent=\"0\" class=\"translation-block\">\u2705 <span class=\"markdown-bold-text\">Invoice list<\/span> for the current customer<\/li>\n<li data-indent=\"0\" class=\"translation-block\">\u2705 <span class=\"markdown-bold-text\">Credit note management<\/span> (corrective invoices)<\/li>\n<li data-indent=\"0\" class=\"translation-block\">\u2705 <span class=\"markdown-bold-text\">Real-time statuses<\/span>: Paid, Pending, Draft<\/li>\n<li data-indent=\"0\" class=\"translation-block\">\u2705 <span class=\"markdown-bold-text\">Responsive interface<\/span> adapted to mobile and tablet devices<\/li>\n<li data-indent=\"0\" class=\"translation-block\">\u2705 <span class=\"markdown-bold-text\">Tab system<\/span> for organizing documents<\/li>\n<\/ul>\n<p>\ud83d\udd10 Security and Performance<\/p>\n<\/section>\n<section id=\"markdown-section-7dc30396-8cbd-45cc-a71a-27e4e9dd2273-10\" class=\"markdown-section\" data-markdown-raw=\" ### **\ud83d\udd10 Seguridad y Rendimiento** - \ud83d\udee1\ufe0f **Proxy seguro** para descargas de PDF sin exponer API keys - \u26a1 **Carga optimizada** con filtros por a\u00f1o para mejor rendimiento - \ud83d\udd12 **Acceso restringido** - cada cliente ve solo sus documentos - \ud83c\udfaf **Compatible** con temas de WordPress y WooCommerce\" data-section-index=\"10\">\n<ul>\n<li data-indent=\"0\" class=\"translation-block\">\ud83d\udee1\ufe0f <span class=\"markdown-bold-text\">Secure proxy<\/span> for PDF downloads without exposing API keys<\/li>\n<li data-indent=\"0\" class=\"translation-block\">\u26a1 <span class=\"markdown-bold-text\">Optimized loading<\/span> with year-based filters for better performance<\/li>\n<li data-indent=\"0\">\ud83d\udd12\u00a0<span class=\"markdown-bold-text\">Acceso restringido<\/span>\u00a0&#8211; cada\u00a0cliente ve\u00a0solo sus\u00a0documentos<\/li>\n<li data-indent=\"0\">\ud83c\udfaf\u00a0<span class=\"markdown-bold-text\">Compatible<\/span>\u00a0con temas de\u00a0WordPress\u00a0y WooCommerce<\/li>\n<\/ul>\n<section id=\"markdown-section-7dc30396-8cbd-45cc-a71a-27e4e9dd2273-12\" class=\"markdown-section\" data-markdown-raw=\" ## \ud83c\udfaf **\u00bfPara qui\u00e9n es ideal?**\" data-section-index=\"12\">\n<h2><span style=\"font-size: 14pt;\">\ud83c\udfaf\u00a0<span class=\"markdown-bold-text\">\u00bfPara\u00a0qui\u00e9n es ideal?<\/span><\/span><\/h2>\n<\/section>\n<section id=\"markdown-section-7dc30396-8cbd-45cc-a71a-27e4e9dd2273-13\" class=\"markdown-section\" data-markdown-raw=\" ### **Empresas y Aut\u00f3nomos que usan Holded + WooCommerce:** - **E-commerce B2B** que necesitan portal de facturas para clientes - **Tiendas online** que quieren automatizar la gesti\u00f3n documental - **Empresas de servicios** con facturaci\u00f3n recurrente - **Distribuidores** que manejan grandes vol\u00famenes de facturas\" data-section-index=\"13\">\n<h3><span class=\"markdown-bold-text\" style=\"font-size: 12pt;\">Businesses and freelancers using Holded WooCommerce:<\/span><\/h3>\n<ul>\n<li data-indent=\"0\" class=\"translation-block\"><span class=\"markdown-bold-text\">B2B e-commerce needing an invoice portal for clients<\/li>\n<li data-indent=\"0\" class=\"translation-block\"><span class=\"markdown-bold-text\">Online shops wanting to automate document management<\/li>\n<li data-indent=\"0\" class=\"translation-block\"><span class=\"markdown-bold-text\">Service companies with recurring billing<\/li>\n<li data-indent=\"0\" class=\"translation-block\">Distributors handling large volumes of invoices<\/li>\n<\/ul>\n<\/section>\n<section id=\"markdown-section-7dc30396-8cbd-45cc-a71a-27e4e9dd2273-15\" class=\"markdown-section\" data-markdown-raw=\" ## \ud83c\uddea\ud83c\uddf8 **Especializado para Espa\u00f1a**\" data-section-index=\"15\">\n<h2><span style=\"font-size: 14pt;\">\ud83c\uddea\ud83c\uddf8\u00a0<span class=\"markdown-bold-text\">Especializado para\u00a0Espa\u00f1a<\/span><\/span><\/h2>\n<\/section>\n<section id=\"markdown-section-7dc30396-8cbd-45cc-a71a-27e4e9dd2273-16\" class=\"markdown-section\" data-markdown-raw=\" ### **\u2705 Cumple Normativa Espa\u00f1ola:** - Compatible con **facturaci\u00f3n electr\u00f3nica** espa\u00f1ola - Soporte para **notas de cr\u00e9dito** seg\u00fan normativa - **Idioma espa\u00f1ol** incluido + multiidioma - Integraci\u00f3n perfecta con **Holded Espa\u00f1a**\" data-section-index=\"16\">\n<h3><span class=\"markdown-bold-text\" style=\"font-size: 12pt;\">\u2705 Meets Spanish regulations:<\/span><\/h3>\n<ul>\n<li data-indent=\"0\" class=\"translation-block\">Compatible with Spanish electronic invoicing<\/li>\n<li data-indent=\"0\" class=\"translation-block\">Support for credit notes according to regulations<\/li>\n<li data-indent=\"0\" class=\"translation-block\">Spanish language included + multilingual<\/li>\n<li data-indent=\"0\" class=\"translation-block\">Perfect integration with Holded Spain<\/li>\n<\/ul>\n<\/section>\n<section id=\"markdown-section-7dc30396-8cbd-45cc-a71a-27e4e9dd2273-18\" class=\"markdown-section\" data-markdown-raw=\" ## \ud83d\ude80 **Beneficios Inmediatos**\" data-section-index=\"18\">\n<h2><span style=\"font-size: 14pt;\">\ud83d\ude80\u00a0<span class=\"markdown-bold-text\">Beneficios\u00a0Inmediatos<\/span><\/span><\/h2>\n<\/section>\n<section id=\"markdown-section-7dc30396-8cbd-45cc-a71a-27e4e9dd2273-19\" class=\"markdown-section\" data-markdown-raw=\" ### **Para tu Negocio:** - \u23f1\ufe0f **Ahorra tiempo** - No m\u00e1s env\u00edos manuales de facturas - \ud83d\ude0a **Clientes satisfechos** - Acceso 24\/7 a sus documentos - \ud83d\udcc8 **Imagen profesional** - Portal integrado en tu web - \ud83d\udcb0 **Reduce consultas** - Los clientes consultan sus facturas directamente\" data-section-index=\"19\">\n<h3><span class=\"markdown-bold-text\" style=\"font-size: 12pt;\">For your business:<\/span><\/h3>\n<ul>\n<li data-indent=\"0\">\u23f1\ufe0f\u00a0<span class=\"markdown-bold-text\">Ahorra\u00a0tiempo<\/span>\u00a0&#8211; No m\u00e1s env\u00edos manuales de\u00a0facturas<\/li>\n<li data-indent=\"0\">\ud83d\ude0a\u00a0<span class=\"markdown-bold-text\">Clientes satisfechos<\/span>\u00a0&#8211; Acceso\u00a024\/7 a sus\u00a0documentos<\/li>\n<li data-indent=\"0\">\ud83d\udcc8\u00a0<span class=\"markdown-bold-text\">Imagen profesional<\/span>\u00a0&#8211; Portal\u00a0integrado en tu\u00a0web<\/li>\n<li data-indent=\"0\">\ud83d\udcb0\u00a0<span class=\"markdown-bold-text\">Reduce\u00a0consultas<\/span>\u00a0&#8211; Los\u00a0clientes consultan sus facturas directamente<\/li>\n<\/ul>\n<\/section>\n<section id=\"markdown-section-7dc30396-8cbd-45cc-a71a-27e4e9dd2273-20\" class=\"markdown-section\" data-markdown-raw=\" ### **Para tus Clientes:** - \ud83d\udd0d **B\u00fasqueda f\u00e1cil** por a\u00f1o y tipo de documento - \ud83d\udcf1 **Acceso m\u00f3vil** desde cualquier dispositivo - \u2b07\ufe0f **Descarga instant\u00e1nea** de PDFs - \ud83d\udd04 **Actualizaci\u00f3n autom\u00e1tica** de estados\" data-section-index=\"20\">\n<h3><span class=\"markdown-bold-text\" style=\"font-size: 12pt;\">For your clients:<\/span><\/h3>\n<ul>\n<li data-indent=\"0\">\ud83d\udd0d\u00a0<span class=\"markdown-bold-text\">B\u00fasqueda f\u00e1cil<\/span>\u00a0por\u00a0a\u00f1o y\u00a0tipo de documento<\/li>\n<li data-indent=\"0\">\ud83d\udcf1\u00a0<span class=\"markdown-bold-text\">Acceso m\u00f3vil<\/span>\u00a0desde\u00a0cualquier dispositivo<\/li>\n<li data-indent=\"0\">\u2b07\ufe0f\u00a0<span class=\"markdown-bold-text\">Descarga instant\u00e1nea<\/span>\u00a0de PDFs<\/li>\n<li data-indent=\"0\">\ud83d\udd04\u00a0<span class=\"markdown-bold-text\">Actualizaci\u00f3n autom\u00e1tica<\/span>\u00a0de estados<\/li>\n<\/ul>\n<section id=\"markdown-section-7dc30396-8cbd-45cc-a71a-27e4e9dd2273-22\" class=\"markdown-section\" data-markdown-raw=\" ## \ud83d\udcbb **Instalaci\u00f3n y Configuraci\u00f3n**\" data-section-index=\"22\">\n<h2><span style=\"font-size: 14pt;\">\ud83d\udcbb\u00a0<span class=\"markdown-bold-text\">Instalaci\u00f3n y Configuraci\u00f3n<\/span><\/span><\/h2>\n<\/section>\n<section id=\"markdown-section-7dc30396-8cbd-45cc-a71a-27e4e9dd2273-23\" class=\"markdown-section\" data-markdown-raw=\" ### **\ud83d\udfe2 F\u00e1cil de Instalar:** 1. **Instala** el plugin en WordPress 2. **Conecta** tu API de Holded 3. **Activa** la licencia 4. **\u00a1Listo!** - Tus clientes ya pueden acceder a sus facturas\" data-section-index=\"23\">\n<h3><span class=\"markdown-bold-text\" style=\"font-size: 12pt;\">\ud83d\udfe2 F\u00e1cil de Instalar:<\/span><\/h3>\n<ol>\n<li><span class=\"markdown-bold-text\">Instala<\/span> el plugin en\u00a0WordPress<\/li>\n<li>Conecta tu API de Holded<\/li>\n<li>Activa la licencia<\/li>\n<li>\u00a1Listo!\u00a0&#8211; Tus clientes ya\u00a0pueden acceder a sus facturas<\/li>\n<\/ol>\n<\/section>\n<section id=\"markdown-section-7dc30396-8cbd-45cc-a71a-27e4e9dd2273-24\" class=\"markdown-section\" data-markdown-raw=\" ### **\u2699\ufe0f Configuraci\u00f3n M\u00ednima:** - Solo necesitas tu **API Key de Holded** - **Sin configuraciones complejas** - **Funciona inmediatamente** tras la activaci\u00f3n\" data-section-index=\"24\">\n<h3><span class=\"markdown-bold-text\" style=\"font-size: 12pt;\">\u2699\ufe0f Configuraci\u00f3n\u00a0M\u00ednima:<\/span><\/h3>\n<ul>\n<li data-indent=\"0\">Solo\u00a0necesitas tu\u00a0<span class=\"markdown-bold-text\">API Key de Holded<\/span><\/li>\n<li data-indent=\"0\"><span class=\"markdown-bold-text\">Sin\u00a0configuraciones\u00a0complejas<\/span><\/li>\n<li data-indent=\"0\"><span class=\"markdown-bold-text\">Funciona inmediatamente<\/span>\u00a0tras\u00a0la activaci\u00f3n<\/li>\n<\/ul>\n<\/section>\n<section id=\"markdown-section-7dc30396-8cbd-45cc-a71a-27e4e9dd2273-25\" class=\"markdown-section\" data-markdown-raw=\" ---\" data-section-index=\"25\"><\/section>\n<section id=\"markdown-section-7dc30396-8cbd-45cc-a71a-27e4e9dd2273-26\" class=\"markdown-section\" data-markdown-raw=\" ## \ud83d\udcde **Soporte T\u00e9cnico Incluido**\" data-section-index=\"26\">\n<h2><span style=\"font-size: 14pt;\">\ud83d\udcde <span class=\"markdown-bold-text\">Technical Support Included<\/span><\/span><\/h2>\n<\/section>\n<section id=\"markdown-section-7dc30396-8cbd-45cc-a71a-27e4e9dd2273-27\" class=\"markdown-section\" data-markdown-raw=\" - \ud83c\uddea\ud83c\uddf8 **Soporte en espa\u00f1ol** por desarrolladores espa\u00f1oles - \ud83d\udce7 **Respuesta en 24h** para problemas t\u00e9cnicos - \ud83d\udcda **Documentaci\u00f3n completa** en espa\u00f1ol - \ud83d\udd04 **Actualizaciones gratuitas** durante 1 a\u00f1o\" data-section-index=\"27\">\n<ul>\n<li data-indent=\"0\">\ud83c\uddea\ud83c\uddf8 <a href=\"https:\/\/consultoriaehero.com\/en\/product\/soporte-tecnico\/\">Support<\/a><span class=\"markdown-bold-text\">\u00a0in english<\/span>\u00a0for developers<\/li>\n<li data-indent=\"0\">\ud83d\udce7\u00a0<span class=\"markdown-bold-text\">Response within 24 hours<\/span> for technical issues<\/li>\n<li data-indent=\"0\">\ud83d\udd04\u00a0<span class=\"markdown-bold-text\">Free updates<\/span> for 1 year<\/li>\n<\/ul>\n<\/section>\n<\/section>\n<\/section>","protected":false},"excerpt":{"rendered":"<p>Professional Holded-WooCommerce Integration with Client Portal and Automatic Invoice Management<\/p>","protected":false},"featured_media":3051,"comment_status":"closed","ping_status":"closed","template":"","meta":{"_acf_changed":false,"_jf_save_progress":""},"product_brand":[],"product_cat":[307,309,303,198],"product_tag":[245,238,240,239,242,241,237,235,244,243,236],"class_list":{"0":"post-2682","1":"product","2":"type-product","3":"status-publish","4":"has-post-thumbnail","6":"product_cat-erp-woocommerce","7":"product_cat-facturacion-holded-woocommerce","8":"product_cat-integraciones-woocommerce","9":"product_cat-plugins-woocommerce","10":"product_tag-api","11":"product_tag-automatizacion","12":"product_tag-b2b","13":"product_tag-e-commerce","14":"product_tag-espana","15":"product_tag-facturacion-electronica","16":"product_tag-facturas","17":"product_tag-holded","18":"product_tag-integracion","19":"product_tag-portal-cliente","20":"product_tag-woocommerce","21":"yith_product_brand-ehero","23":"first","24":"instock","25":"downloadable","26":"virtual","27":"sold-individually","28":"taxable","29":"purchasable","30":"product-type-ehero_subscription"},"acf":[],"_links":{"self":[{"href":"https:\/\/consultoriaehero.com\/en\/wp-json\/wp\/v2\/product\/2682","targetHints":{"allow":["GET"]}}],"collection":[{"href":"https:\/\/consultoriaehero.com\/en\/wp-json\/wp\/v2\/product"}],"about":[{"href":"https:\/\/consultoriaehero.com\/en\/wp-json\/wp\/v2\/types\/product"}],"replies":[{"embeddable":true,"href":"https:\/\/consultoriaehero.com\/en\/wp-json\/wp\/v2\/comments?post=2682"}],"wp:featuredmedia":[{"embeddable":true,"href":"https:\/\/consultoriaehero.com\/en\/wp-json\/wp\/v2\/media\/3051"}],"wp:attachment":[{"href":"https:\/\/consultoriaehero.com\/en\/wp-json\/wp\/v2\/media?parent=2682"}],"wp:term":[{"taxonomy":"product_brand","embeddable":true,"href":"https:\/\/consultoriaehero.com\/en\/wp-json\/wp\/v2\/product_brand?post=2682"},{"taxonomy":"product_cat","embeddable":true,"href":"https:\/\/consultoriaehero.com\/en\/wp-json\/wp\/v2\/product_cat?post=2682"},{"taxonomy":"product_tag","embeddable":true,"href":"https:\/\/consultoriaehero.com\/en\/wp-json\/wp\/v2\/product_tag?post=2682"}],"curies":[{"name":"wp","href":"https:\/\/api.w.org\/{rel}","templated":true}]}}