{"id":2847,"date":"2025-12-16T15:03:18","date_gmt":"2025-12-16T15:03:18","guid":{"rendered":"https:\/\/consultoriaehero.com\/?post_type=product&#038;p=2847"},"modified":"2026-04-16T10:31:02","modified_gmt":"2026-04-16T10:31:02","slug":"ehero-woocommerce-discount","status":"publish","type":"product","link":"https:\/\/consultoriaehero.com\/en\/product\/ehero-woocommerce-discount\/","title":{"rendered":"EHERO WooCommerce Discount"},"content":{"rendered":"<section id=\"markdown-section-7dc30396-8cbd-45cc-a71a-27e4e9dd2273-6\" class=\"markdown-section\" data-markdown-raw=\" # \ud83d\ude80 **Plugin Holded WooCommerce - Automatiza tu Facturaci\u00f3n**\" data-section-index=\"6\">\n<h1 style=\"text-align: center;\"><span style=\"font-size: 18pt;\"><span class=\"markdown-bold-text\">EHERO WooCommerce Discount &#8211; Descuentos F\u00e1ciles<\/span><\/span><\/h1>\n<h2><span style=\"font-size: 14pt;\">\u2705\u00a0<\/span><span style=\"font-size: 14pt;\">Key Features<\/span><\/h2>\n<ul>\n<li>Discounts &amp; Increases \u2013 Apply discounts or price increases by percentage or fixed amount<\/li>\n<li>Advanced Filters \u2013 Filter by categories, brands, price range, stock, or specific SKUs<\/li>\n<li>Scheduled Deals \u2013 Set start and end dates for your promotions<\/li>\n<li>Robust Processing \u2013 Process up to 30,000+ products in batches of 20<\/li>\n<li>Preview changes before applying them.<\/li>\n<li>Offer Cleanup \u2013 Remove sale prices with a single click<\/li>\n<li>Operation History \u2013 Complete log of all actions performed<\/li>\n<\/ul>\n<h2><span style=\"font-size: 14pt;\">\ud83c\udfaf\u00a0<span class=\"markdown-bold-text\">Ideal For\u2026<\/span><\/span><\/h2>\n<ul>\n<li>Black Friday, Cyber Monday, and seasonal sales campaigns<\/li>\n<li>Price management by categories or brands<\/li>\n<li>Stock clearance<\/li>\n<li>Bulk price adjustments<\/li>\n<\/ul>\n<\/section>\n<section id=\"markdown-section-7dc30396-8cbd-45cc-a71a-27e4e9dd2273-10\" class=\"markdown-section\" data-markdown-raw=\" ### **\ud83d\udd10 Seguridad y Rendimiento** - \ud83d\udee1\ufe0f **Proxy seguro** para descargas de PDF sin exponer API keys - \u26a1 **Carga optimizada** con filtros por a\u00f1o para mejor rendimiento - \ud83d\udd12 **Acceso restringido** - cada cliente ve solo sus documentos - \ud83c\udfaf **Compatible** con temas de WordPress y WooCommerce\" data-section-index=\"10\">\n<section id=\"markdown-section-7dc30396-8cbd-45cc-a71a-27e4e9dd2273-20\" class=\"markdown-section\" data-markdown-raw=\" ### **Para tus Clientes:** - \ud83d\udd0d **B\u00fasqueda f\u00e1cil** por a\u00f1o y tipo de documento - \ud83d\udcf1 **Acceso m\u00f3vil** desde cualquier dispositivo - \u2b07\ufe0f **Descarga instant\u00e1nea** de PDFs - \ud83d\udd04 **Actualizaci\u00f3n autom\u00e1tica** de estados\" data-section-index=\"20\">\n<section id=\"markdown-section-7dc30396-8cbd-45cc-a71a-27e4e9dd2273-24\" class=\"markdown-section\" data-markdown-raw=\" ### **\u2699\ufe0f Configuraci\u00f3n M\u00ednima:** - Solo necesitas tu **API Key de Holded** - **Sin configuraciones complejas** - **Funciona inmediatamente** tras la activaci\u00f3n\" data-section-index=\"24\"><\/section>\n<section id=\"markdown-section-7dc30396-8cbd-45cc-a71a-27e4e9dd2273-25\" class=\"markdown-section\" data-markdown-raw=\" ---\" data-section-index=\"25\"><\/section>\n<section id=\"markdown-section-7dc30396-8cbd-45cc-a71a-27e4e9dd2273-26\" class=\"markdown-section\" data-markdown-raw=\" ## \ud83d\udcde **Soporte T\u00e9cnico Incluido**\" data-section-index=\"26\">\n<h2><span style=\"font-size: 14pt;\">\ud83d\udcde <span class=\"markdown-bold-text\">Technical Support Included<\/span><\/span><\/h2>\n<\/section>\n<section id=\"markdown-section-7dc30396-8cbd-45cc-a71a-27e4e9dd2273-27\" class=\"markdown-section\" data-markdown-raw=\" - \ud83c\uddea\ud83c\uddf8 **Soporte en espa\u00f1ol** por desarrolladores espa\u00f1oles - \ud83d\udce7 **Respuesta en 24h** para problemas t\u00e9cnicos - \ud83d\udcda **Documentaci\u00f3n completa** en espa\u00f1ol - \ud83d\udd04 **Actualizaciones gratuitas** durante 1 a\u00f1o\" data-section-index=\"27\">\n<ul>\n<li data-indent=\"0\">\ud83c\uddea\ud83c\uddf8 <a href=\"https:\/\/consultoriaehero.com\/en\/product\/soporte-tecnico\/\">Support<\/a><span class=\"markdown-bold-text\">\u00a0in english<\/span>\u00a0for developers<\/li>\n<li data-indent=\"0\">\ud83d\udce7\u00a0<span class=\"markdown-bold-text\">Response within 24 hours<\/span> for technical issues<\/li>\n<li data-indent=\"0\">\ud83d\udd04\u00a0<span class=\"markdown-bold-text\">Free updates<\/span> for 1 year<\/li>\n<\/ul>\n<\/section>\n<\/section>\n<\/section>","protected":false},"excerpt":{"rendered":"<p>Manage bulk discounts and price increases in your WooCommerce catalog with advanced filters and scheduled promotions.<\/p>","protected":false},"featured_media":3046,"comment_status":"closed","ping_status":"closed","template":"","meta":{"_acf_changed":false,"_jf_save_progress":""},"product_brand":[],"product_cat":[298,198],"product_tag":[240,254,239,255,236],"class_list":{"0":"post-2847","1":"product","2":"type-product","3":"status-publish","4":"has-post-thumbnail","6":"product_cat-marketing-woocommerce","7":"product_cat-plugins-woocommerce","8":"product_tag-b2b","9":"product_tag-descuentos","10":"product_tag-e-commerce","11":"product_tag-ofertas","12":"product_tag-woocommerce","13":"yith_product_brand-ehero","15":"first","16":"instock","17":"downloadable","18":"virtual","19":"sold-individually","20":"taxable","21":"purchasable","22":"product-type-ehero_subscription"},"acf":[],"_links":{"self":[{"href":"https:\/\/consultoriaehero.com\/en\/wp-json\/wp\/v2\/product\/2847","targetHints":{"allow":["GET"]}}],"collection":[{"href":"https:\/\/consultoriaehero.com\/en\/wp-json\/wp\/v2\/product"}],"about":[{"href":"https:\/\/consultoriaehero.com\/en\/wp-json\/wp\/v2\/types\/product"}],"replies":[{"embeddable":true,"href":"https:\/\/consultoriaehero.com\/en\/wp-json\/wp\/v2\/comments?post=2847"}],"wp:featuredmedia":[{"embeddable":true,"href":"https:\/\/consultoriaehero.com\/en\/wp-json\/wp\/v2\/media\/3046"}],"wp:attachment":[{"href":"https:\/\/consultoriaehero.com\/en\/wp-json\/wp\/v2\/media?parent=2847"}],"wp:term":[{"taxonomy":"product_brand","embeddable":true,"href":"https:\/\/consultoriaehero.com\/en\/wp-json\/wp\/v2\/product_brand?post=2847"},{"taxonomy":"product_cat","embeddable":true,"href":"https:\/\/consultoriaehero.com\/en\/wp-json\/wp\/v2\/product_cat?post=2847"},{"taxonomy":"product_tag","embeddable":true,"href":"https:\/\/consultoriaehero.com\/en\/wp-json\/wp\/v2\/product_tag?post=2847"}],"curies":[{"name":"wp","href":"https:\/\/api.w.org\/{rel}","templated":true}]}}