{"id":3103,"date":"2026-03-17T11:22:13","date_gmt":"2026-03-17T11:22:13","guid":{"rendered":"https:\/\/consultoriaehero.com\/?post_type=product&#038;p=3103"},"modified":"2026-04-16T16:10:23","modified_gmt":"2026-04-16T16:10:23","slug":"soporte-tecnico-ehero-woo-pos","status":"publish","type":"product","link":"https:\/\/consultoriaehero.com\/en\/product\/soporte-tecnico-ehero-woo-pos\/","title":{"rendered":"Soporte T\u00e9cnico Premium &#8211; EHERO Woo POS"},"content":{"rendered":"<h4 style=\"margin: 0 0 4px; font-size: 16px; color: #1e40af;\">Soporte Premium &#8211; EHERO Woo POS<\/h4>\n<p style=\"margin: 0 0 14px; font-size: 13px; color: #2563eb; font-weight: 600;\">Email prioritario<\/p>\n<ul style=\"padding-left: 18px; margin: 0; font-size: 13px; line-height: 2.1;\">\n<li><strong>Tiempo de respuesta:<\/strong> 24 horas h\u00e1biles (email)<\/li>\n<li><strong>Includes<\/strong> (adem\u00e1s de todo lo b\u00e1sico):\n<ul style=\"padding-left: 16px; margin: 4px 0;\">\n<li>Configuraci\u00f3n fiscal completa (VeriFACTU y\/o TicketBAI): subida de certificados, configuraci\u00f3n de entornos, verificaci\u00f3n de env\u00edos<\/li>\n<li>Asistencia con\u00a0 dise\u00f1o de tickets<\/li>\n<li>1 sesi\u00f3n de formaci\u00f3n (1 hora) al a\u00f1o para el equipo del cliente<\/li>\n<li>Revisi\u00f3n y diagn\u00f3stico de conflictos con otros plugins o temas<\/li>\n<li>Soporte prioritario en cola<\/li>\n<\/ul>\n<\/li>\n<li><strong>Duraci\u00f3n:<\/strong> 12 meses desde la contrataci\u00f3n, renovable<\/li>\n<li>Se puede contratar en cualquier momento<\/li>\n<\/ul>","protected":false},"excerpt":{"rendered":"<p>Soporte Premium &#8211; EHERO Woo POS Email prioritario Tiempo de respuesta: 24 horas h\u00e1biles (email) Incluye (adem\u00e1s de todo lo b\u00e1sico): Configuraci\u00f3n fiscal completa (VeriFACTU y\/o TicketBAI): subida de certificados, configuraci\u00f3n de entornos, verificaci\u00f3n de env\u00edos Asistencia con\u00a0 dise\u00f1o de tickets 1 sesi\u00f3n de formaci\u00f3n (1 hora) al a\u00f1o para el equipo del cliente Revisi\u00f3n [&hellip;]<\/p>\n","protected":false},"featured_media":2430,"comment_status":"closed","ping_status":"closed","template":"","meta":{"_acf_changed":false,"_jf_save_progress":""},"product_brand":[],"product_cat":[225,313],"product_tag":[],"class_list":{"0":"post-3103","1":"product","2":"type-product","3":"status-publish","4":"has-post-thumbnail","6":"product_cat-servicios-ehero","7":"product_cat-soporte-tecnico-wordpress","8":"yith_product_brand-ehero","10":"first","11":"instock","12":"virtual","13":"sold-individually","14":"taxable","15":"purchasable","16":"product-type-ehero_subscription"},"acf":[],"_links":{"self":[{"href":"https:\/\/consultoriaehero.com\/en\/wp-json\/wp\/v2\/product\/3103","targetHints":{"allow":["GET"]}}],"collection":[{"href":"https:\/\/consultoriaehero.com\/en\/wp-json\/wp\/v2\/product"}],"about":[{"href":"https:\/\/consultoriaehero.com\/en\/wp-json\/wp\/v2\/types\/product"}],"replies":[{"embeddable":true,"href":"https:\/\/consultoriaehero.com\/en\/wp-json\/wp\/v2\/comments?post=3103"}],"wp:featuredmedia":[{"embeddable":true,"href":"https:\/\/consultoriaehero.com\/en\/wp-json\/wp\/v2\/media\/2430"}],"wp:attachment":[{"href":"https:\/\/consultoriaehero.com\/en\/wp-json\/wp\/v2\/media?parent=3103"}],"wp:term":[{"taxonomy":"product_brand","embeddable":true,"href":"https:\/\/consultoriaehero.com\/en\/wp-json\/wp\/v2\/product_brand?post=3103"},{"taxonomy":"product_cat","embeddable":true,"href":"https:\/\/consultoriaehero.com\/en\/wp-json\/wp\/v2\/product_cat?post=3103"},{"taxonomy":"product_tag","embeddable":true,"href":"https:\/\/consultoriaehero.com\/en\/wp-json\/wp\/v2\/product_tag?post=3103"}],"curies":[{"name":"wp","href":"https:\/\/api.w.org\/{rel}","templated":true}]}}