{"id":3167,"date":"2026-04-16T08:15:24","date_gmt":"2026-04-16T08:15:24","guid":{"rendered":"https:\/\/consultoriaehero.com\/?post_type=product&#038;p=3167"},"modified":"2026-04-16T16:08:06","modified_gmt":"2026-04-16T16:08:06","slug":"soporte-tecnico-premium-ehero-age-gate","status":"publish","type":"product","link":"https:\/\/consultoriaehero.com\/en\/product\/soporte-tecnico-premium-ehero-age-gate\/","title":{"rendered":"Soporte T\u00e9cnico Premium &#8211; EHERO Age Gate"},"content":{"rendered":"<h4 style=\"margin: 0 0 4px; font-size: 16px; color: #1e40af;\" data-rm-block-id=\"block-108\">Soporte Premium &#8211; EHERO Age Gate<\/h4>\n<p style=\"margin: 0 0 14px; font-size: 13px; color: #2563eb; font-weight: 600;\" data-rm-block-id=\"block-109\">Email prioritario 24h<\/p>\n<ul style=\"padding-left: 18px; margin: 0; font-size: 13px; line-height: 2.1;\">\n<li data-rm-block-id=\"block-110\"><strong>Tiempo de respuesta:<\/strong> 24 horas h\u00e1biles (email)<\/li>\n<li><strong>Includes<\/strong> (adem\u00e1s de todo lo b\u00e1sico):\n<ul style=\"padding-left: 16px; margin: 4px 0;\">\n<li data-rm-block-id=\"block-111\">Configuraci\u00f3n personalizada del popup<\/li>\n<li data-rm-block-id=\"block-112\">Revisi\u00f3n de compatibilidad con tu tema y plugins<\/li>\n<li data-rm-block-id=\"block-113\">Soporte prioritario en cola<\/li>\n<\/ul>\n<\/li>\n<\/ul>\n<ul style=\"padding-left: 18px; margin: 0; font-size: 13px; line-height: 2.1;\">\n<li><strong>Duraci\u00f3n:<\/strong> 12 meses desde la contrataci\u00f3n, renovable<\/li>\n<li>Se puede contratar en cualquier momento<\/li>\n<\/ul>","protected":false},"excerpt":{"rendered":"<p>Soporte Premium &#8211; EHERO Age Gate Email prioritario 24h Tiempo de respuesta: 24 horas h\u00e1biles (email) Incluye (adem\u00e1s de todo lo b\u00e1sico): Configuraci\u00f3n personalizada del popup Revisi\u00f3n de compatibilidad con tu tema y plugins Soporte prioritario en cola Duraci\u00f3n: 12 meses desde la contrataci\u00f3n, renovable Se puede contratar en cualquier momento<\/p>","protected":false},"featured_media":2430,"comment_status":"closed","ping_status":"closed","template":"","meta":{"_acf_changed":false,"_jf_save_progress":""},"product_brand":[],"product_cat":[225,313],"product_tag":[],"class_list":{"0":"post-3167","1":"product","2":"type-product","3":"status-publish","4":"has-post-thumbnail","6":"product_cat-servicios-ehero","7":"product_cat-soporte-tecnico-wordpress","8":"yith_product_brand-ehero","10":"first","11":"instock","12":"virtual","13":"sold-individually","14":"taxable","15":"purchasable","16":"product-type-ehero_subscription"},"acf":[],"_links":{"self":[{"href":"https:\/\/consultoriaehero.com\/en\/wp-json\/wp\/v2\/product\/3167","targetHints":{"allow":["GET"]}}],"collection":[{"href":"https:\/\/consultoriaehero.com\/en\/wp-json\/wp\/v2\/product"}],"about":[{"href":"https:\/\/consultoriaehero.com\/en\/wp-json\/wp\/v2\/types\/product"}],"replies":[{"embeddable":true,"href":"https:\/\/consultoriaehero.com\/en\/wp-json\/wp\/v2\/comments?post=3167"}],"wp:featuredmedia":[{"embeddable":true,"href":"https:\/\/consultoriaehero.com\/en\/wp-json\/wp\/v2\/media\/2430"}],"wp:attachment":[{"href":"https:\/\/consultoriaehero.com\/en\/wp-json\/wp\/v2\/media?parent=3167"}],"wp:term":[{"taxonomy":"product_brand","embeddable":true,"href":"https:\/\/consultoriaehero.com\/en\/wp-json\/wp\/v2\/product_brand?post=3167"},{"taxonomy":"product_cat","embeddable":true,"href":"https:\/\/consultoriaehero.com\/en\/wp-json\/wp\/v2\/product_cat?post=3167"},{"taxonomy":"product_tag","embeddable":true,"href":"https:\/\/consultoriaehero.com\/en\/wp-json\/wp\/v2\/product_tag?post=3167"}],"curies":[{"name":"wp","href":"https:\/\/api.w.org\/{rel}","templated":true}]}}